{"id":5326,"date":"2026-04-08T14:13:41","date_gmt":"2026-04-08T17:13:41","guid":{"rendered":"https:\/\/www.iccbrazil.com\/?page_id=5326"},"modified":"2026-04-08T14:30:00","modified_gmt":"2026-04-08T17:30:00","slug":"transparencia","status":"publish","type":"page","link":"https:\/\/www.iccbrazil.com\/en\/transparencia\/","title":{"rendered":"(Portugu\u00eas-BR) Transpar\u00eancia"},"content":{"rendered":"<p class=\"qtranxs-available-languages-message qtranxs-available-languages-message-en\">Sorry, this entry is only available in <a href=\"https:\/\/www.iccbrazil.com\/pb\/wp-json\/wp\/v2\/pages\/5326\" class=\"qtranxs-available-language-link qtranxs-available-language-link-pb\" title=\"Portugu\u00eas-BR\">Portugu\u00eas-BR<\/a>.<\/p>","protected":false},"excerpt":{"rendered":"<p>Sorry, this entry is only available in Portugu\u00eas-BR.<\/p>\n","protected":false},"author":2,"featured_media":0,"parent":0,"menu_order":0,"comment_status":"closed","ping_status":"closed","template":"","meta":{"_acf_changed":false,"footnotes":""},"class_list":["post-5326","page","type-page","status-publish","hentry"],"acf":[],"yoast_head":"<!-- This site is optimized with the Yoast SEO plugin v23.2 - https:\/\/yoast.com\/wordpress\/plugins\/seo\/ -->\n<title>(Portugu\u00eas-BR) Transpar\u00eancia  - ICC Brazil<\/title>\n<meta name=\"robots\" content=\"index, follow, max-snippet:-1, max-image-preview:large, max-video-preview:-1\" \/>\n<link rel=\"canonical\" href=\"https:\/\/www.iccbrazil.com\/en\/transparencia\/\" \/>\n<meta property=\"og:locale\" content=\"en_US\" \/>\n<meta property=\"og:type\" content=\"article\" \/>\n<meta property=\"og:title\" content=\"(Portugu\u00eas-BR) Transpar\u00eancia  - ICC Brazil\" \/>\n<meta property=\"og:description\" content=\"Sorry, this entry is only available in Portugu\u00eas-BR.\" \/>\n<meta property=\"og:url\" content=\"https:\/\/www.iccbrazil.com\/en\/transparencia\/\" \/>\n<meta property=\"og:site_name\" content=\"ICC Brazil\" \/>\n<meta property=\"article:publisher\" content=\"https:\/\/www.facebook.com\/ICCBrazil\" \/>\n<meta property=\"article:modified_time\" content=\"2026-04-08T17:30:00+00:00\" \/>\n<meta name=\"twitter:card\" content=\"summary_large_image\" \/>\n<meta name=\"twitter:label1\" content=\"Est. reading time\" \/>\n\t<meta name=\"twitter:data1\" content=\"2 minutes\" \/>\n<script type=\"application\/ld+json\" class=\"yoast-schema-graph\">{\"@context\":\"https:\/\/schema.org\",\"@graph\":[{\"@type\":\"WebPage\",\"@id\":\"https:\/\/www.iccbrazil.com\/en\/transparencia\/\",\"url\":\"https:\/\/www.iccbrazil.com\/en\/transparencia\/\",\"name\":\"(Portugu\u00eas-BR) Transpar\u00eancia  - ICC Brazil\",\"isPartOf\":{\"@id\":\"https:\/\/www.iccbrazil.com\/en\/#website\"},\"datePublished\":\"2026-04-08T17:13:41+00:00\",\"dateModified\":\"2026-04-08T17:30:00+00:00\",\"breadcrumb\":{\"@id\":\"https:\/\/www.iccbrazil.com\/en\/transparencia\/#breadcrumb\"},\"inLanguage\":\"en-US\",\"potentialAction\":[{\"@type\":\"ReadAction\",\"target\":[[\"https:\/\/www.iccbrazil.com\/en\/transparencia\/\"]]}]},{\"@type\":\"BreadcrumbList\",\"@id\":\"https:\/\/www.iccbrazil.com\/en\/transparencia\/#breadcrumb\",\"itemListElement\":[{\"@type\":\"ListItem\",\"position\":1,\"name\":\"Home\",\"item\":\"https:\/\/www.iccbrazil.com\/en\/\"},{\"@type\":\"ListItem\",\"position\":2,\"name\":\"Transpar\u00eancia\"}]},{\"@type\":\"WebSite\",\"@id\":\"https:\/\/www.iccbrazil.com\/en\/#website\",\"url\":\"https:\/\/www.iccbrazil.com\/en\/\",\"name\":\"ICC Brazil\",\"description\":\"Innovative solutions  for animal health and  nutrition market\",\"publisher\":{\"@id\":\"https:\/\/www.iccbrazil.com\/en\/#organization\"},\"potentialAction\":[{\"@type\":\"SearchAction\",\"target\":{\"@type\":\"EntryPoint\",\"urlTemplate\":\"https:\/\/www.iccbrazil.com\/en\/?s={search_term_string}\"},\"query-input\":\"required name=search_term_string\"}],\"inLanguage\":\"en-US\"},{\"@type\":\"Organization\",\"@id\":\"https:\/\/www.iccbrazil.com\/en\/#organization\",\"name\":\"ICC Brazil\",\"url\":\"https:\/\/www.iccbrazil.com\/en\/\",\"logo\":{\"@type\":\"ImageObject\",\"inLanguage\":\"en-US\",\"@id\":\"https:\/\/www.iccbrazil.com\/en\/#\/schema\/logo\/image\/\",\"url\":\"\",\"contentUrl\":\"\",\"caption\":\"ICC Brazil\"},\"image\":{\"@id\":\"https:\/\/www.iccbrazil.com\/en\/#\/schema\/logo\/image\/\"},\"sameAs\":[\"https:\/\/www.facebook.com\/ICCBrazil\",\"https:\/\/www.linkedin.com\/company\/iccbrazil\"]}]}<\/script>\n<!-- \/ Yoast SEO plugin. -->","yoast_head_json":{"title":"(Portugu\u00eas-BR) Transpar\u00eancia  - ICC Brazil","robots":{"index":"index","follow":"follow","max-snippet":"max-snippet:-1","max-image-preview":"max-image-preview:large","max-video-preview":"max-video-preview:-1"},"canonical":"https:\/\/www.iccbrazil.com\/en\/transparencia\/","og_locale":"en_US","og_type":"article","og_title":"(Portugu\u00eas-BR) Transpar\u00eancia  - ICC Brazil","og_description":"Sorry, this entry is only available in Portugu\u00eas-BR.","og_url":"https:\/\/www.iccbrazil.com\/en\/transparencia\/","og_site_name":"ICC Brazil","article_publisher":"https:\/\/www.facebook.com\/ICCBrazil","article_modified_time":"2026-04-08T17:30:00+00:00","twitter_card":"summary_large_image","twitter_misc":{"Est. reading time":"2 minutes"},"schema":{"@context":"https:\/\/schema.org","@graph":[{"@type":"WebPage","@id":"https:\/\/www.iccbrazil.com\/en\/transparencia\/","url":"https:\/\/www.iccbrazil.com\/en\/transparencia\/","name":"(Portugu\u00eas-BR) Transpar\u00eancia  - ICC Brazil","isPartOf":{"@id":"https:\/\/www.iccbrazil.com\/en\/#website"},"datePublished":"2026-04-08T17:13:41+00:00","dateModified":"2026-04-08T17:30:00+00:00","breadcrumb":{"@id":"https:\/\/www.iccbrazil.com\/en\/transparencia\/#breadcrumb"},"inLanguage":"en-US","potentialAction":[{"@type":"ReadAction","target":[["https:\/\/www.iccbrazil.com\/en\/transparencia\/"]]}]},{"@type":"BreadcrumbList","@id":"https:\/\/www.iccbrazil.com\/en\/transparencia\/#breadcrumb","itemListElement":[{"@type":"ListItem","position":1,"name":"Home","item":"https:\/\/www.iccbrazil.com\/en\/"},{"@type":"ListItem","position":2,"name":"Transpar\u00eancia"}]},{"@type":"WebSite","@id":"https:\/\/www.iccbrazil.com\/en\/#website","url":"https:\/\/www.iccbrazil.com\/en\/","name":"ICC Brazil","description":"Innovative solutions  for animal health and  nutrition market","publisher":{"@id":"https:\/\/www.iccbrazil.com\/en\/#organization"},"potentialAction":[{"@type":"SearchAction","target":{"@type":"EntryPoint","urlTemplate":"https:\/\/www.iccbrazil.com\/en\/?s={search_term_string}"},"query-input":"required name=search_term_string"}],"inLanguage":"en-US"},{"@type":"Organization","@id":"https:\/\/www.iccbrazil.com\/en\/#organization","name":"ICC Brazil","url":"https:\/\/www.iccbrazil.com\/en\/","logo":{"@type":"ImageObject","inLanguage":"en-US","@id":"https:\/\/www.iccbrazil.com\/en\/#\/schema\/logo\/image\/","url":"","contentUrl":"","caption":"ICC Brazil"},"image":{"@id":"https:\/\/www.iccbrazil.com\/en\/#\/schema\/logo\/image\/"},"sameAs":["https:\/\/www.facebook.com\/ICCBrazil","https:\/\/www.linkedin.com\/company\/iccbrazil"]}]}},"_links":{"self":[{"href":"https:\/\/www.iccbrazil.com\/en\/wp-json\/wp\/v2\/pages\/5326"}],"collection":[{"href":"https:\/\/www.iccbrazil.com\/en\/wp-json\/wp\/v2\/pages"}],"about":[{"href":"https:\/\/www.iccbrazil.com\/en\/wp-json\/wp\/v2\/types\/page"}],"author":[{"embeddable":true,"href":"https:\/\/www.iccbrazil.com\/en\/wp-json\/wp\/v2\/users\/2"}],"replies":[{"embeddable":true,"href":"https:\/\/www.iccbrazil.com\/en\/wp-json\/wp\/v2\/comments?post=5326"}],"version-history":[{"count":1,"href":"https:\/\/www.iccbrazil.com\/en\/wp-json\/wp\/v2\/pages\/5326\/revisions"}],"predecessor-version":[{"id":5327,"href":"https:\/\/www.iccbrazil.com\/en\/wp-json\/wp\/v2\/pages\/5326\/revisions\/5327"}],"wp:attachment":[{"href":"https:\/\/www.iccbrazil.com\/en\/wp-json\/wp\/v2\/media?parent=5326"}],"curies":[{"name":"wp","href":"https:\/\/api.w.org\/{rel}","templated":true}]}}