{"id":88,"date":"2018-12-12T16:55:49","date_gmt":"2018-12-12T18:55:49","guid":{"rendered":"https:\/\/www.iccbrazil.com\/?page_id=88"},"modified":"2023-08-19T06:45:55","modified_gmt":"2023-08-19T09:45:55","slug":"pd","status":"publish","type":"page","link":"https:\/\/www.iccbrazil.com\/en\/pd\/","title":{"rendered":"R&#038;D"},"content":{"rendered":"<p><strong>Partnership with universities ensures innovative, effective and reliable products<\/strong><\/p>\n<p>We conduct scientific research focused on animal health and nutrition solutions that the market needs. Since the foundation in 1992, the company has conducted more than 200 research studies that have ensured innovative products, guaranteeing greater profitability to customers.<\/p>\n<p>In Brazil, the research centres are located in the states of S\u00e3o Paulo, Paran\u00e1, Bahia, Rio de Janeiro, and Rio Grande do Sul, in cooperation with major universities, such as USP, UFSCAR, Federal University of Paran\u00e1, Federal University of Bahia, Federal University of Santa Maria, and Federal Rural University of Rio de Janeiro. Abroad. 20 additional research centres are located in 13 other countries: Canada, China, Denmark, Egypt, France, India, Iran, Mexico, Pakistan, Peru, Thailand, United Kingdom, United States and Vietnam.<\/p>\n<p>In cooperation with USP (Universidade de S\u00e3o Paulo) and UFSCAR (Universidade Federal de S\u00e3o Carlos), we maintain three research centres in the state of S\u00e3o Paulo, to conduct studies and experiments in search of new animal health solutions. Coordinated by a group of Ph.D. experts in animal science, these centres operate in the cities of Pirassununga, Leme and S\u00e3o Carlos (Brazil).<\/p>\n","protected":false},"excerpt":{"rendered":"<p>Partnership with universities ensures innovative, effective and reliable products We conduct scientific research focused on animal health and nutrition solutions that the market needs. Since the foundation in 1992, the company has conducted more than 200 research studies that have <a href=\"https:\/\/www.iccbrazil.com\/en\/pd\/\"><\/p>\n<div class=\"read-more\">\n<p>Read more &#8250;<\/p>\n<\/div>\n<p><!-- end of .read-more --><\/a><\/p>\n","protected":false},"author":2,"featured_media":207,"parent":0,"menu_order":0,"comment_status":"closed","ping_status":"closed","template":"template-pd.php","meta":{"_acf_changed":false,"footnotes":""},"class_list":["post-88","page","type-page","status-publish","has-post-thumbnail","hentry"],"acf":[],"yoast_head":"<!-- This site is optimized with the Yoast SEO plugin v23.2 - https:\/\/yoast.com\/wordpress\/plugins\/seo\/ -->\n<title>R&amp;D - ICC Brazil<\/title>\n<meta name=\"robots\" content=\"index, follow, max-snippet:-1, max-image-preview:large, max-video-preview:-1\" \/>\n<link rel=\"canonical\" href=\"https:\/\/www.iccbrazil.com\/en\/pd\/\" \/>\n<meta property=\"og:locale\" content=\"en_US\" \/>\n<meta property=\"og:type\" content=\"article\" \/>\n<meta property=\"og:title\" content=\"R&amp;D - ICC Brazil\" \/>\n<meta property=\"og:description\" content=\"Partnership with universities ensures innovative, effective and reliable products We conduct scientific research focused on animal health and nutrition solutions that the market needs. Since the foundation in 1992, the company has conducted more than 200 research studies that have Read more &#8250;\" \/>\n<meta property=\"og:url\" content=\"https:\/\/www.iccbrazil.com\/en\/pd\/\" \/>\n<meta property=\"og:site_name\" content=\"ICC Brazil\" \/>\n<meta property=\"article:publisher\" content=\"https:\/\/www.facebook.com\/ICCBrazil\" \/>\n<meta property=\"article:modified_time\" content=\"2023-08-19T09:45:55+00:00\" \/>\n<meta property=\"og:image\" content=\"https:\/\/www.iccbrazil.com\/wp-content\/uploads\/2019\/01\/p___dnovo.jpg\" \/>\n\t<meta property=\"og:image:width\" content=\"1024\" \/>\n\t<meta property=\"og:image:height\" content=\"86\" \/>\n\t<meta property=\"og:image:type\" content=\"image\/jpeg\" \/>\n<meta name=\"twitter:card\" content=\"summary_large_image\" \/>\n<meta name=\"twitter:label1\" content=\"Est. reading time\" \/>\n\t<meta name=\"twitter:data1\" content=\"1 minute\" \/>\n<script type=\"application\/ld+json\" class=\"yoast-schema-graph\">{\"@context\":\"https:\/\/schema.org\",\"@graph\":[{\"@type\":\"WebPage\",\"@id\":\"https:\/\/www.iccbrazil.com\/en\/pd\/\",\"url\":\"https:\/\/www.iccbrazil.com\/en\/pd\/\",\"name\":\"R&D - ICC Brazil\",\"isPartOf\":{\"@id\":\"https:\/\/www.iccbrazil.com\/en\/#website\"},\"primaryImageOfPage\":{\"@id\":\"https:\/\/www.iccbrazil.com\/en\/pd\/#primaryimage\"},\"image\":{\"@id\":\"https:\/\/www.iccbrazil.com\/pd\/#primaryimage\"},\"thumbnailUrl\":\"https:\/\/www.iccbrazil.com\/wp-content\/uploads\/2019\/01\/p___dnovo.jpg\",\"datePublished\":\"2018-12-12T18:55:49+00:00\",\"dateModified\":\"2023-08-19T09:45:55+00:00\",\"breadcrumb\":{\"@id\":\"https:\/\/www.iccbrazil.com\/en\/pd\/#breadcrumb\"},\"inLanguage\":\"en-US\",\"potentialAction\":[{\"@type\":\"ReadAction\",\"target\":[[\"https:\/\/www.iccbrazil.com\/en\/pd\/\"]]}]},{\"@type\":\"ImageObject\",\"inLanguage\":\"en-US\",\"@id\":\"https:\/\/www.iccbrazil.com\/en\/pd\/#primaryimage\",\"url\":\"https:\/\/www.iccbrazil.com\/wp-content\/uploads\/2019\/01\/p___dnovo.jpg\",\"contentUrl\":\"https:\/\/www.iccbrazil.com\/wp-content\/uploads\/2019\/01\/p___dnovo.jpg\",\"width\":1024,\"height\":86},{\"@type\":\"BreadcrumbList\",\"@id\":\"https:\/\/www.iccbrazil.com\/en\/pd\/#breadcrumb\",\"itemListElement\":[{\"@type\":\"ListItem\",\"position\":1,\"name\":\"Home\",\"item\":\"https:\/\/www.iccbrazil.com\/en\/\"},{\"@type\":\"ListItem\",\"position\":2,\"name\":\"P&#038;D\"}]},{\"@type\":\"WebSite\",\"@id\":\"https:\/\/www.iccbrazil.com\/en\/#website\",\"url\":\"https:\/\/www.iccbrazil.com\/en\/\",\"name\":\"ICC Brazil\",\"description\":\"Innovative solutions  for animal health and  nutrition market\",\"publisher\":{\"@id\":\"https:\/\/www.iccbrazil.com\/en\/#organization\"},\"potentialAction\":[{\"@type\":\"SearchAction\",\"target\":{\"@type\":\"EntryPoint\",\"urlTemplate\":\"https:\/\/www.iccbrazil.com\/en\/?s={search_term_string}\"},\"query-input\":\"required name=search_term_string\"}],\"inLanguage\":\"en-US\"},{\"@type\":\"Organization\",\"@id\":\"https:\/\/www.iccbrazil.com\/en\/#organization\",\"name\":\"ICC Brazil\",\"url\":\"https:\/\/www.iccbrazil.com\/en\/\",\"logo\":{\"@type\":\"ImageObject\",\"inLanguage\":\"en-US\",\"@id\":\"https:\/\/www.iccbrazil.com\/en\/#\/schema\/logo\/image\/\",\"url\":\"\",\"contentUrl\":\"\",\"caption\":\"ICC Brazil\"},\"image\":{\"@id\":\"https:\/\/www.iccbrazil.com\/en\/#\/schema\/logo\/image\/\"},\"sameAs\":[\"https:\/\/www.facebook.com\/ICCBrazil\",\"https:\/\/www.linkedin.com\/company\/iccbrazil\"]}]}<\/script>\n<!-- \/ Yoast SEO plugin. -->","yoast_head_json":{"title":"R&D - ICC Brazil","robots":{"index":"index","follow":"follow","max-snippet":"max-snippet:-1","max-image-preview":"max-image-preview:large","max-video-preview":"max-video-preview:-1"},"canonical":"https:\/\/www.iccbrazil.com\/en\/pd\/","og_locale":"en_US","og_type":"article","og_title":"R&D - ICC Brazil","og_description":"Partnership with universities ensures innovative, effective and reliable products We conduct scientific research focused on animal health and nutrition solutions that the market needs. Since the foundation in 1992, the company has conducted more than 200 research studies that have Read more &#8250;","og_url":"https:\/\/www.iccbrazil.com\/en\/pd\/","og_site_name":"ICC Brazil","article_publisher":"https:\/\/www.facebook.com\/ICCBrazil","article_modified_time":"2023-08-19T09:45:55+00:00","og_image":[{"width":1024,"height":86,"url":"https:\/\/www.iccbrazil.com\/wp-content\/uploads\/2019\/01\/p___dnovo.jpg","type":"image\/jpeg"}],"twitter_card":"summary_large_image","twitter_misc":{"Est. reading time":"1 minute"},"schema":{"@context":"https:\/\/schema.org","@graph":[{"@type":"WebPage","@id":"https:\/\/www.iccbrazil.com\/en\/pd\/","url":"https:\/\/www.iccbrazil.com\/en\/pd\/","name":"R&D - ICC Brazil","isPartOf":{"@id":"https:\/\/www.iccbrazil.com\/en\/#website"},"primaryImageOfPage":{"@id":"https:\/\/www.iccbrazil.com\/en\/pd\/#primaryimage"},"image":{"@id":"https:\/\/www.iccbrazil.com\/pd\/#primaryimage"},"thumbnailUrl":"https:\/\/www.iccbrazil.com\/wp-content\/uploads\/2019\/01\/p___dnovo.jpg","datePublished":"2018-12-12T18:55:49+00:00","dateModified":"2023-08-19T09:45:55+00:00","breadcrumb":{"@id":"https:\/\/www.iccbrazil.com\/en\/pd\/#breadcrumb"},"inLanguage":"en-US","potentialAction":[{"@type":"ReadAction","target":[["https:\/\/www.iccbrazil.com\/en\/pd\/"]]}]},{"@type":"ImageObject","inLanguage":"en-US","@id":"https:\/\/www.iccbrazil.com\/en\/pd\/#primaryimage","url":"https:\/\/www.iccbrazil.com\/wp-content\/uploads\/2019\/01\/p___dnovo.jpg","contentUrl":"https:\/\/www.iccbrazil.com\/wp-content\/uploads\/2019\/01\/p___dnovo.jpg","width":1024,"height":86},{"@type":"BreadcrumbList","@id":"https:\/\/www.iccbrazil.com\/en\/pd\/#breadcrumb","itemListElement":[{"@type":"ListItem","position":1,"name":"Home","item":"https:\/\/www.iccbrazil.com\/en\/"},{"@type":"ListItem","position":2,"name":"P&#038;D"}]},{"@type":"WebSite","@id":"https:\/\/www.iccbrazil.com\/en\/#website","url":"https:\/\/www.iccbrazil.com\/en\/","name":"ICC Brazil","description":"Innovative solutions  for animal health and  nutrition market","publisher":{"@id":"https:\/\/www.iccbrazil.com\/en\/#organization"},"potentialAction":[{"@type":"SearchAction","target":{"@type":"EntryPoint","urlTemplate":"https:\/\/www.iccbrazil.com\/en\/?s={search_term_string}"},"query-input":"required name=search_term_string"}],"inLanguage":"en-US"},{"@type":"Organization","@id":"https:\/\/www.iccbrazil.com\/en\/#organization","name":"ICC Brazil","url":"https:\/\/www.iccbrazil.com\/en\/","logo":{"@type":"ImageObject","inLanguage":"en-US","@id":"https:\/\/www.iccbrazil.com\/en\/#\/schema\/logo\/image\/","url":"","contentUrl":"","caption":"ICC Brazil"},"image":{"@id":"https:\/\/www.iccbrazil.com\/en\/#\/schema\/logo\/image\/"},"sameAs":["https:\/\/www.facebook.com\/ICCBrazil","https:\/\/www.linkedin.com\/company\/iccbrazil"]}]}},"_links":{"self":[{"href":"https:\/\/www.iccbrazil.com\/en\/wp-json\/wp\/v2\/pages\/88"}],"collection":[{"href":"https:\/\/www.iccbrazil.com\/en\/wp-json\/wp\/v2\/pages"}],"about":[{"href":"https:\/\/www.iccbrazil.com\/en\/wp-json\/wp\/v2\/types\/page"}],"author":[{"embeddable":true,"href":"https:\/\/www.iccbrazil.com\/en\/wp-json\/wp\/v2\/users\/2"}],"replies":[{"embeddable":true,"href":"https:\/\/www.iccbrazil.com\/en\/wp-json\/wp\/v2\/comments?post=88"}],"version-history":[{"count":0,"href":"https:\/\/www.iccbrazil.com\/en\/wp-json\/wp\/v2\/pages\/88\/revisions"}],"wp:featuredmedia":[{"embeddable":true,"href":"https:\/\/www.iccbrazil.com\/en\/wp-json\/wp\/v2\/media\/207"}],"wp:attachment":[{"href":"https:\/\/www.iccbrazil.com\/en\/wp-json\/wp\/v2\/media?parent=88"}],"curies":[{"name":"wp","href":"https:\/\/api.w.org\/{rel}","templated":true}]}}