{"id":5305,"date":"2026-01-21T15:14:00","date_gmt":"2026-01-21T18:14:00","guid":{"rendered":"https:\/\/www.iccbrazil.com\/?page_id=5305"},"modified":"2026-01-21T15:38:11","modified_gmt":"2026-01-21T18:38:11","slug":"politica-ti","status":"publish","type":"page","link":"https:\/\/www.iccbrazil.com\/es\/politica-ti\/","title":{"rendered":"(Portugu\u00eas-BR) POL\u00cdTICA DE SEGURAN\u00c7A DA INFORMA\u00c7\u00c3O E TECNOLOGIA"},"content":{"rendered":"<p class=\"qtranxs-available-languages-message qtranxs-available-languages-message-es\">Disculpa, pero esta entrada est\u00e1 disponible s\u00f3lo en <a href=\"https:\/\/www.iccbrazil.com\/pb\/wp-json\/wp\/v2\/pages\/5305\" class=\"qtranxs-available-language-link qtranxs-available-language-link-pb\" title=\"Portugu\u00eas-BR\">Portugu\u00eas-BR<\/a> y <a href=\"https:\/\/www.iccbrazil.com\/en\/wp-json\/wp\/v2\/pages\/5305\" class=\"qtranxs-available-language-link qtranxs-available-language-link-en\" title=\"English\">English<\/a>.<\/p>","protected":false},"excerpt":{"rendered":"<p>Disculpa, pero esta entrada est\u00e1 disponible s\u00f3lo en Portugu\u00eas-BR y English.<\/p>\n","protected":false},"author":5,"featured_media":0,"parent":0,"menu_order":0,"comment_status":"closed","ping_status":"closed","template":"","meta":{"_acf_changed":false,"footnotes":""},"class_list":["post-5305","page","type-page","status-publish","hentry"],"acf":[],"yoast_head":"<!-- This site is optimized with the Yoast SEO plugin v23.2 - https:\/\/yoast.com\/wordpress\/plugins\/seo\/ -->\n<title>(Portugu\u00eas-BR) POL\u00cdTICA DE SEGURAN\u00c7A DA INFORMA\u00c7\u00c3O E TECNOLOGIA - ICC Brazil<\/title>\n<meta name=\"robots\" content=\"index, follow, max-snippet:-1, max-image-preview:large, max-video-preview:-1\" \/>\n<link rel=\"canonical\" href=\"https:\/\/www.iccbrazil.com\/es\/politica-ti\/\" \/>\n<meta property=\"og:locale\" content=\"es_ES\" \/>\n<meta property=\"og:type\" content=\"article\" \/>\n<meta property=\"og:title\" content=\"(Portugu\u00eas-BR) POL\u00cdTICA DE SEGURAN\u00c7A DA INFORMA\u00c7\u00c3O E TECNOLOGIA - ICC Brazil\" \/>\n<meta property=\"og:description\" content=\"Disculpa, pero esta entrada est\u00e1 disponible s\u00f3lo en Portugu\u00eas-BR y English.\" \/>\n<meta property=\"og:url\" content=\"https:\/\/www.iccbrazil.com\/es\/politica-ti\/\" \/>\n<meta property=\"og:site_name\" content=\"ICC Brazil\" \/>\n<meta property=\"article:publisher\" content=\"https:\/\/www.facebook.com\/ICCBrazil\" \/>\n<meta property=\"article:modified_time\" content=\"2026-01-21T18:38:11+00:00\" \/>\n<meta name=\"twitter:card\" content=\"summary_large_image\" \/>\n<meta name=\"twitter:label1\" content=\"Tiempo de lectura\" \/>\n\t<meta name=\"twitter:data1\" content=\"8 minutos\" \/>\n<script type=\"application\/ld+json\" class=\"yoast-schema-graph\">{\"@context\":\"https:\/\/schema.org\",\"@graph\":[{\"@type\":\"WebPage\",\"@id\":\"https:\/\/www.iccbrazil.com\/es\/politica-ti\/\",\"url\":\"https:\/\/www.iccbrazil.com\/es\/politica-ti\/\",\"name\":\"(Portugu\u00eas-BR) POL\u00cdTICA DE SEGURAN\u00c7A DA INFORMA\u00c7\u00c3O E TECNOLOGIA - ICC Brazil\",\"isPartOf\":{\"@id\":\"https:\/\/www.iccbrazil.com\/es\/#website\"},\"datePublished\":\"2026-01-21T18:14:00+00:00\",\"dateModified\":\"2026-01-21T18:38:11+00:00\",\"breadcrumb\":{\"@id\":\"https:\/\/www.iccbrazil.com\/es\/politica-ti\/#breadcrumb\"},\"inLanguage\":\"es\",\"potentialAction\":[{\"@type\":\"ReadAction\",\"target\":[[\"https:\/\/www.iccbrazil.com\/es\/politica-ti\/\"]]}]},{\"@type\":\"BreadcrumbList\",\"@id\":\"https:\/\/www.iccbrazil.com\/es\/politica-ti\/#breadcrumb\",\"itemListElement\":[{\"@type\":\"ListItem\",\"position\":1,\"name\":\"Home\",\"item\":\"https:\/\/www.iccbrazil.com\/es\/\"},{\"@type\":\"ListItem\",\"position\":2,\"name\":\"POL\u00cdTICA DE SEGURAN\u00c7A DA INFORMA\u00c7\u00c3O E TECNOLOGIA\"}]},{\"@type\":\"WebSite\",\"@id\":\"https:\/\/www.iccbrazil.com\/es\/#website\",\"url\":\"https:\/\/www.iccbrazil.com\/es\/\",\"name\":\"ICC Brazil\",\"description\":\"Soluciones innovadoras  para el mercado de salud y nutrici\u00f3n animal\",\"publisher\":{\"@id\":\"https:\/\/www.iccbrazil.com\/es\/#organization\"},\"potentialAction\":[{\"@type\":\"SearchAction\",\"target\":{\"@type\":\"EntryPoint\",\"urlTemplate\":\"https:\/\/www.iccbrazil.com\/es\/?s={search_term_string}\"},\"query-input\":\"required name=search_term_string\"}],\"inLanguage\":\"es\"},{\"@type\":\"Organization\",\"@id\":\"https:\/\/www.iccbrazil.com\/es\/#organization\",\"name\":\"ICC Brazil\",\"url\":\"https:\/\/www.iccbrazil.com\/es\/\",\"logo\":{\"@type\":\"ImageObject\",\"inLanguage\":\"es\",\"@id\":\"https:\/\/www.iccbrazil.com\/es\/#\/schema\/logo\/image\/\",\"url\":\"\",\"contentUrl\":\"\",\"caption\":\"ICC Brazil\"},\"image\":{\"@id\":\"https:\/\/www.iccbrazil.com\/es\/#\/schema\/logo\/image\/\"},\"sameAs\":[\"https:\/\/www.facebook.com\/ICCBrazil\",\"https:\/\/www.linkedin.com\/company\/iccbrazil\"]}]}<\/script>\n<!-- \/ Yoast SEO plugin. -->","yoast_head_json":{"title":"(Portugu\u00eas-BR) POL\u00cdTICA DE SEGURAN\u00c7A DA INFORMA\u00c7\u00c3O E TECNOLOGIA - ICC Brazil","robots":{"index":"index","follow":"follow","max-snippet":"max-snippet:-1","max-image-preview":"max-image-preview:large","max-video-preview":"max-video-preview:-1"},"canonical":"https:\/\/www.iccbrazil.com\/es\/politica-ti\/","og_locale":"es_ES","og_type":"article","og_title":"(Portugu\u00eas-BR) POL\u00cdTICA DE SEGURAN\u00c7A DA INFORMA\u00c7\u00c3O E TECNOLOGIA - ICC Brazil","og_description":"Disculpa, pero esta entrada est\u00e1 disponible s\u00f3lo en Portugu\u00eas-BR y English.","og_url":"https:\/\/www.iccbrazil.com\/es\/politica-ti\/","og_site_name":"ICC Brazil","article_publisher":"https:\/\/www.facebook.com\/ICCBrazil","article_modified_time":"2026-01-21T18:38:11+00:00","twitter_card":"summary_large_image","twitter_misc":{"Tiempo de lectura":"8 minutos"},"schema":{"@context":"https:\/\/schema.org","@graph":[{"@type":"WebPage","@id":"https:\/\/www.iccbrazil.com\/es\/politica-ti\/","url":"https:\/\/www.iccbrazil.com\/es\/politica-ti\/","name":"(Portugu\u00eas-BR) POL\u00cdTICA DE SEGURAN\u00c7A DA INFORMA\u00c7\u00c3O E TECNOLOGIA - ICC Brazil","isPartOf":{"@id":"https:\/\/www.iccbrazil.com\/es\/#website"},"datePublished":"2026-01-21T18:14:00+00:00","dateModified":"2026-01-21T18:38:11+00:00","breadcrumb":{"@id":"https:\/\/www.iccbrazil.com\/es\/politica-ti\/#breadcrumb"},"inLanguage":"es","potentialAction":[{"@type":"ReadAction","target":[["https:\/\/www.iccbrazil.com\/es\/politica-ti\/"]]}]},{"@type":"BreadcrumbList","@id":"https:\/\/www.iccbrazil.com\/es\/politica-ti\/#breadcrumb","itemListElement":[{"@type":"ListItem","position":1,"name":"Home","item":"https:\/\/www.iccbrazil.com\/es\/"},{"@type":"ListItem","position":2,"name":"POL\u00cdTICA DE SEGURAN\u00c7A DA INFORMA\u00c7\u00c3O E TECNOLOGIA"}]},{"@type":"WebSite","@id":"https:\/\/www.iccbrazil.com\/es\/#website","url":"https:\/\/www.iccbrazil.com\/es\/","name":"ICC Brazil","description":"Soluciones innovadoras  para el mercado de salud y nutrici\u00f3n animal","publisher":{"@id":"https:\/\/www.iccbrazil.com\/es\/#organization"},"potentialAction":[{"@type":"SearchAction","target":{"@type":"EntryPoint","urlTemplate":"https:\/\/www.iccbrazil.com\/es\/?s={search_term_string}"},"query-input":"required name=search_term_string"}],"inLanguage":"es"},{"@type":"Organization","@id":"https:\/\/www.iccbrazil.com\/es\/#organization","name":"ICC Brazil","url":"https:\/\/www.iccbrazil.com\/es\/","logo":{"@type":"ImageObject","inLanguage":"es","@id":"https:\/\/www.iccbrazil.com\/es\/#\/schema\/logo\/image\/","url":"","contentUrl":"","caption":"ICC Brazil"},"image":{"@id":"https:\/\/www.iccbrazil.com\/es\/#\/schema\/logo\/image\/"},"sameAs":["https:\/\/www.facebook.com\/ICCBrazil","https:\/\/www.linkedin.com\/company\/iccbrazil"]}]}},"_links":{"self":[{"href":"https:\/\/www.iccbrazil.com\/es\/wp-json\/wp\/v2\/pages\/5305"}],"collection":[{"href":"https:\/\/www.iccbrazil.com\/es\/wp-json\/wp\/v2\/pages"}],"about":[{"href":"https:\/\/www.iccbrazil.com\/es\/wp-json\/wp\/v2\/types\/page"}],"author":[{"embeddable":true,"href":"https:\/\/www.iccbrazil.com\/es\/wp-json\/wp\/v2\/users\/5"}],"replies":[{"embeddable":true,"href":"https:\/\/www.iccbrazil.com\/es\/wp-json\/wp\/v2\/comments?post=5305"}],"version-history":[{"count":0,"href":"https:\/\/www.iccbrazil.com\/es\/wp-json\/wp\/v2\/pages\/5305\/revisions"}],"wp:attachment":[{"href":"https:\/\/www.iccbrazil.com\/es\/wp-json\/wp\/v2\/media?parent=5305"}],"curies":[{"name":"wp","href":"https:\/\/api.w.org\/{rel}","templated":true}]}}