{"id":63,"date":"2018-12-11T17:32:35","date_gmt":"2018-12-11T19:32:35","guid":{"rendered":"https:\/\/www.iccbrazil.com\/?page_id=63"},"modified":"2023-08-19T06:45:55","modified_gmt":"2023-08-19T09:45:55","slug":"quem-somos","status":"publish","type":"page","link":"https:\/\/www.iccbrazil.com\/es\/quem-somos\/","title":{"rendered":"Quienes somos"},"content":{"rendered":"<p><strong>ICC Brazil es una referencia en investigaciones y soluciones innovadoras<\/strong> <strong>para la industria de nutrici\u00f3n animal<\/strong><\/p>\n<p>Somos reconocidos en Brasil e internacionalmente por ofrecer soluciones innovadoras para la nutrici\u00f3n animal a base de levadura, con una producci\u00f3n log\u00edstica eficiente para atender al mercado nacional y m\u00e1s de 65 pa\u00edses.<\/p>\n<p>Para apoyar el crecimiento significativo de los \u00faltimos a\u00f1os, hemos invertido constantemente en innovaci\u00f3n y tecnolog\u00eda, volvi\u00e9ndonos referencia en el desarrollo de productos que garantizan una mayor productividad y rentabilidad para nuestros clientes.<\/p>\n<p>Mantenemos asociaciones con Universidades y Centros de Investigaci\u00f3n en Brasil y en el extranjero y realizamos estudios <em>in vivo <\/em>y<em> in vitro<\/em>\u00a0en diversas \u00e1reas de producci\u00f3n animal, demostrando la calidad y la eficacia de los productos para controlar los pat\u00f3genos y reducir la contaminaci\u00f3n, proporcionando mejoras de productividad, bienestar animal, mayor eficiencia y sostenibilidad para los negocios.<\/p>\n<p>Estamos ampliando nuestro cuadro de investigadores y t\u00e9cnicos en nutrici\u00f3n y salud animal, y mantenemos como diferencial, un equipo de empleados participantes y comprometidos con la inversi\u00f3n en la expansi\u00f3n de la l\u00ednea de productos para la industria de nutrici\u00f3n animal.<\/p>\n<p>Siempre atentos a las necesidades del mercado, estamos trabajando en un nuevo cat\u00e1logo de productos que, en los pr\u00f3ximos a\u00f1os, revolucionar\u00e1 el mercado de la nutrici\u00f3n animal.<\/p>\n","protected":false},"excerpt":{"rendered":"<p>ICC Brazil es una referencia en investigaciones y soluciones innovadoras para la industria de nutrici\u00f3n animal Somos reconocidos en Brasil e internacionalmente por ofrecer soluciones innovadoras para la nutrici\u00f3n animal a base de levadura, con una producci\u00f3n log\u00edstica eficiente para <a href=\"https:\/\/www.iccbrazil.com\/es\/quem-somos\/\"><\/p>\n<div class=\"read-more\">\n<p>Read more &#8250;<\/p>\n<\/div>\n<p><!-- end of .read-more --><\/a><\/p>\n","protected":false},"author":2,"featured_media":206,"parent":0,"menu_order":0,"comment_status":"closed","ping_status":"closed","template":"template-about.php","meta":{"_acf_changed":false,"footnotes":""},"class_list":["post-63","page","type-page","status-publish","has-post-thumbnail","hentry"],"acf":[],"yoast_head":"<!-- This site is optimized with the Yoast SEO plugin v23.2 - https:\/\/yoast.com\/wordpress\/plugins\/seo\/ -->\n<title>Quienes somos - ICC Brazil<\/title>\n<meta name=\"robots\" content=\"index, follow, max-snippet:-1, max-image-preview:large, max-video-preview:-1\" \/>\n<link rel=\"canonical\" href=\"https:\/\/www.iccbrazil.com\/es\/quem-somos\/\" \/>\n<meta property=\"og:locale\" content=\"es_ES\" \/>\n<meta property=\"og:type\" content=\"article\" \/>\n<meta property=\"og:title\" content=\"Quienes somos - ICC Brazil\" \/>\n<meta property=\"og:description\" content=\"ICC Brazil es una referencia en investigaciones y soluciones innovadoras para la industria de nutrici\u00f3n animal Somos reconocidos en Brasil e internacionalmente por ofrecer soluciones innovadoras para la nutrici\u00f3n animal a base de levadura, con una producci\u00f3n log\u00edstica eficiente para Read more &#8250;\" \/>\n<meta property=\"og:url\" content=\"https:\/\/www.iccbrazil.com\/es\/quem-somos\/\" \/>\n<meta property=\"og:site_name\" content=\"ICC Brazil\" \/>\n<meta property=\"article:publisher\" content=\"https:\/\/www.facebook.com\/ICCBrazil\" \/>\n<meta property=\"article:modified_time\" content=\"2023-08-19T09:45:55+00:00\" \/>\n<meta property=\"og:image\" content=\"https:\/\/www.iccbrazil.com\/wp-content\/uploads\/2019\/01\/quem_somosnovo.jpg\" \/>\n\t<meta property=\"og:image:width\" content=\"1024\" \/>\n\t<meta property=\"og:image:height\" content=\"86\" \/>\n\t<meta property=\"og:image:type\" content=\"image\/jpeg\" \/>\n<meta name=\"twitter:card\" content=\"summary_large_image\" \/>\n<meta name=\"twitter:label1\" content=\"Tiempo de lectura\" \/>\n\t<meta name=\"twitter:data1\" content=\"2 minutos\" \/>\n<script type=\"application\/ld+json\" class=\"yoast-schema-graph\">{\"@context\":\"https:\/\/schema.org\",\"@graph\":[{\"@type\":\"WebPage\",\"@id\":\"https:\/\/www.iccbrazil.com\/es\/quem-somos\/\",\"url\":\"https:\/\/www.iccbrazil.com\/es\/quem-somos\/\",\"name\":\"Quienes somos - ICC Brazil\",\"isPartOf\":{\"@id\":\"https:\/\/www.iccbrazil.com\/es\/#website\"},\"primaryImageOfPage\":{\"@id\":\"https:\/\/www.iccbrazil.com\/es\/quem-somos\/#primaryimage\"},\"image\":{\"@id\":\"https:\/\/www.iccbrazil.com\/quem-somos\/#primaryimage\"},\"thumbnailUrl\":\"https:\/\/www.iccbrazil.com\/wp-content\/uploads\/2019\/01\/quem_somosnovo.jpg\",\"datePublished\":\"2018-12-11T19:32:35+00:00\",\"dateModified\":\"2023-08-19T09:45:55+00:00\",\"breadcrumb\":{\"@id\":\"https:\/\/www.iccbrazil.com\/es\/quem-somos\/#breadcrumb\"},\"inLanguage\":\"es\",\"potentialAction\":[{\"@type\":\"ReadAction\",\"target\":[[\"https:\/\/www.iccbrazil.com\/es\/quem-somos\/\"]]}]},{\"@type\":\"ImageObject\",\"inLanguage\":\"es\",\"@id\":\"https:\/\/www.iccbrazil.com\/es\/quem-somos\/#primaryimage\",\"url\":\"https:\/\/www.iccbrazil.com\/wp-content\/uploads\/2019\/01\/quem_somosnovo.jpg\",\"contentUrl\":\"https:\/\/www.iccbrazil.com\/wp-content\/uploads\/2019\/01\/quem_somosnovo.jpg\",\"width\":1024,\"height\":86},{\"@type\":\"BreadcrumbList\",\"@id\":\"https:\/\/www.iccbrazil.com\/es\/quem-somos\/#breadcrumb\",\"itemListElement\":[{\"@type\":\"ListItem\",\"position\":1,\"name\":\"Home\",\"item\":\"https:\/\/www.iccbrazil.com\/es\/\"},{\"@type\":\"ListItem\",\"position\":2,\"name\":\"Quem somos\"}]},{\"@type\":\"WebSite\",\"@id\":\"https:\/\/www.iccbrazil.com\/es\/#website\",\"url\":\"https:\/\/www.iccbrazil.com\/es\/\",\"name\":\"ICC Brazil\",\"description\":\"Soluciones innovadoras  para el mercado de salud y nutrici\u00f3n animal\",\"publisher\":{\"@id\":\"https:\/\/www.iccbrazil.com\/es\/#organization\"},\"potentialAction\":[{\"@type\":\"SearchAction\",\"target\":{\"@type\":\"EntryPoint\",\"urlTemplate\":\"https:\/\/www.iccbrazil.com\/es\/?s={search_term_string}\"},\"query-input\":\"required name=search_term_string\"}],\"inLanguage\":\"es\"},{\"@type\":\"Organization\",\"@id\":\"https:\/\/www.iccbrazil.com\/es\/#organization\",\"name\":\"ICC Brazil\",\"url\":\"https:\/\/www.iccbrazil.com\/es\/\",\"logo\":{\"@type\":\"ImageObject\",\"inLanguage\":\"es\",\"@id\":\"https:\/\/www.iccbrazil.com\/es\/#\/schema\/logo\/image\/\",\"url\":\"\",\"contentUrl\":\"\",\"caption\":\"ICC Brazil\"},\"image\":{\"@id\":\"https:\/\/www.iccbrazil.com\/es\/#\/schema\/logo\/image\/\"},\"sameAs\":[\"https:\/\/www.facebook.com\/ICCBrazil\",\"https:\/\/www.linkedin.com\/company\/iccbrazil\"]}]}<\/script>\n<!-- \/ Yoast SEO plugin. -->","yoast_head_json":{"title":"Quienes somos - ICC Brazil","robots":{"index":"index","follow":"follow","max-snippet":"max-snippet:-1","max-image-preview":"max-image-preview:large","max-video-preview":"max-video-preview:-1"},"canonical":"https:\/\/www.iccbrazil.com\/es\/quem-somos\/","og_locale":"es_ES","og_type":"article","og_title":"Quienes somos - ICC Brazil","og_description":"ICC Brazil es una referencia en investigaciones y soluciones innovadoras para la industria de nutrici\u00f3n animal Somos reconocidos en Brasil e internacionalmente por ofrecer soluciones innovadoras para la nutrici\u00f3n animal a base de levadura, con una producci\u00f3n log\u00edstica eficiente para Read more &#8250;","og_url":"https:\/\/www.iccbrazil.com\/es\/quem-somos\/","og_site_name":"ICC Brazil","article_publisher":"https:\/\/www.facebook.com\/ICCBrazil","article_modified_time":"2023-08-19T09:45:55+00:00","og_image":[{"width":1024,"height":86,"url":"https:\/\/www.iccbrazil.com\/wp-content\/uploads\/2019\/01\/quem_somosnovo.jpg","type":"image\/jpeg"}],"twitter_card":"summary_large_image","twitter_misc":{"Tiempo de lectura":"2 minutos"},"schema":{"@context":"https:\/\/schema.org","@graph":[{"@type":"WebPage","@id":"https:\/\/www.iccbrazil.com\/es\/quem-somos\/","url":"https:\/\/www.iccbrazil.com\/es\/quem-somos\/","name":"Quienes somos - ICC Brazil","isPartOf":{"@id":"https:\/\/www.iccbrazil.com\/es\/#website"},"primaryImageOfPage":{"@id":"https:\/\/www.iccbrazil.com\/es\/quem-somos\/#primaryimage"},"image":{"@id":"https:\/\/www.iccbrazil.com\/quem-somos\/#primaryimage"},"thumbnailUrl":"https:\/\/www.iccbrazil.com\/wp-content\/uploads\/2019\/01\/quem_somosnovo.jpg","datePublished":"2018-12-11T19:32:35+00:00","dateModified":"2023-08-19T09:45:55+00:00","breadcrumb":{"@id":"https:\/\/www.iccbrazil.com\/es\/quem-somos\/#breadcrumb"},"inLanguage":"es","potentialAction":[{"@type":"ReadAction","target":[["https:\/\/www.iccbrazil.com\/es\/quem-somos\/"]]}]},{"@type":"ImageObject","inLanguage":"es","@id":"https:\/\/www.iccbrazil.com\/es\/quem-somos\/#primaryimage","url":"https:\/\/www.iccbrazil.com\/wp-content\/uploads\/2019\/01\/quem_somosnovo.jpg","contentUrl":"https:\/\/www.iccbrazil.com\/wp-content\/uploads\/2019\/01\/quem_somosnovo.jpg","width":1024,"height":86},{"@type":"BreadcrumbList","@id":"https:\/\/www.iccbrazil.com\/es\/quem-somos\/#breadcrumb","itemListElement":[{"@type":"ListItem","position":1,"name":"Home","item":"https:\/\/www.iccbrazil.com\/es\/"},{"@type":"ListItem","position":2,"name":"Quem somos"}]},{"@type":"WebSite","@id":"https:\/\/www.iccbrazil.com\/es\/#website","url":"https:\/\/www.iccbrazil.com\/es\/","name":"ICC Brazil","description":"Soluciones innovadoras  para el mercado de salud y nutrici\u00f3n animal","publisher":{"@id":"https:\/\/www.iccbrazil.com\/es\/#organization"},"potentialAction":[{"@type":"SearchAction","target":{"@type":"EntryPoint","urlTemplate":"https:\/\/www.iccbrazil.com\/es\/?s={search_term_string}"},"query-input":"required name=search_term_string"}],"inLanguage":"es"},{"@type":"Organization","@id":"https:\/\/www.iccbrazil.com\/es\/#organization","name":"ICC Brazil","url":"https:\/\/www.iccbrazil.com\/es\/","logo":{"@type":"ImageObject","inLanguage":"es","@id":"https:\/\/www.iccbrazil.com\/es\/#\/schema\/logo\/image\/","url":"","contentUrl":"","caption":"ICC Brazil"},"image":{"@id":"https:\/\/www.iccbrazil.com\/es\/#\/schema\/logo\/image\/"},"sameAs":["https:\/\/www.facebook.com\/ICCBrazil","https:\/\/www.linkedin.com\/company\/iccbrazil"]}]}},"_links":{"self":[{"href":"https:\/\/www.iccbrazil.com\/es\/wp-json\/wp\/v2\/pages\/63"}],"collection":[{"href":"https:\/\/www.iccbrazil.com\/es\/wp-json\/wp\/v2\/pages"}],"about":[{"href":"https:\/\/www.iccbrazil.com\/es\/wp-json\/wp\/v2\/types\/page"}],"author":[{"embeddable":true,"href":"https:\/\/www.iccbrazil.com\/es\/wp-json\/wp\/v2\/users\/2"}],"replies":[{"embeddable":true,"href":"https:\/\/www.iccbrazil.com\/es\/wp-json\/wp\/v2\/comments?post=63"}],"version-history":[{"count":0,"href":"https:\/\/www.iccbrazil.com\/es\/wp-json\/wp\/v2\/pages\/63\/revisions"}],"wp:featuredmedia":[{"embeddable":true,"href":"https:\/\/www.iccbrazil.com\/es\/wp-json\/wp\/v2\/media\/206"}],"wp:attachment":[{"href":"https:\/\/www.iccbrazil.com\/es\/wp-json\/wp\/v2\/media?parent=63"}],"curies":[{"name":"wp","href":"https:\/\/api.w.org\/{rel}","templated":true}]}}