{"id":88,"date":"2018-12-12T16:55:49","date_gmt":"2018-12-12T18:55:49","guid":{"rendered":"https:\/\/www.iccbrazil.com\/?page_id=88"},"modified":"2023-08-19T06:45:55","modified_gmt":"2023-08-19T09:45:55","slug":"pd","status":"publish","type":"page","link":"https:\/\/www.iccbrazil.com\/es\/pd\/","title":{"rendered":"I&#038;D"},"content":{"rendered":"<p><strong>Asociaciones con universidades garantiza productos innovadores, eficaces y fiables<\/strong><\/p>\n<p>Realizamos investigaciones cient\u00edficas concentradas en las soluciones que el mercado necesita para la salud y la nutrici\u00f3n animal. Desde su fundaci\u00f3n en 1992, la empresa ha realizado m\u00e1s de 200 estudios que resultan en productos innovadores que garantizan una mayor rentabilidad a sus clientes.<\/p>\n<p>En Brasil, las unidades de investigaci\u00f3n est\u00e1n localizadas en los estados de S\u00e3o Paulo, Paran\u00e1, Bahia, Rio De Janeiro y Rio Grande do Sul, en cooperaci\u00f3n con grandes universidades como USP, UFSCAR, Universidad Federal de Paran\u00e1, Universidad Federal de Bahia, Universidad Federal de Santa Maria y Universidad Federal Rural de Rio de Janeiro. En el exterior, hay 20 Centros de Investigaci\u00f3n y Universidades repartidos en 13 pa\u00edses: Canad\u00e1, China, Dinamarca, Egipto, Estados Unidos, Francia, Ir\u00e1n, India, M\u00e9xico, Pakist\u00e1n, Per\u00fa, Reino Unido, Tailandia y Vietnam.<\/p>\n<p>En cooperaci\u00f3n con las universidades USP y UFSCAR, ICC Brazil mantiene tres centros de investigaci\u00f3n en el estado de S\u00e3o Paulo para realizar estudios y pruebas en busca de nuevas soluciones para la salud animal. Coordinado por un grupo de doctores especializados en ciencia animal, las unidades funcionan en las ciudades de Pirassununga, Leme y S\u00e3o Carlos.<\/p>\n","protected":false},"excerpt":{"rendered":"<p>Asociaciones con universidades garantiza productos innovadores, eficaces y fiables Realizamos investigaciones cient\u00edficas concentradas en las soluciones que el mercado necesita para la salud y la nutrici\u00f3n animal. Desde su fundaci\u00f3n en 1992, la empresa ha realizado m\u00e1s de 200 estudios <a href=\"https:\/\/www.iccbrazil.com\/es\/pd\/\"><\/p>\n<div class=\"read-more\">\n<p>Read more &#8250;<\/p>\n<\/div>\n<p><!-- end of .read-more --><\/a><\/p>\n","protected":false},"author":2,"featured_media":207,"parent":0,"menu_order":0,"comment_status":"closed","ping_status":"closed","template":"template-pd.php","meta":{"_acf_changed":false,"footnotes":""},"class_list":["post-88","page","type-page","status-publish","has-post-thumbnail","hentry"],"acf":[],"yoast_head":"<!-- This site is optimized with the Yoast SEO plugin v23.2 - https:\/\/yoast.com\/wordpress\/plugins\/seo\/ -->\n<title>I&amp;D - ICC Brazil<\/title>\n<meta name=\"robots\" content=\"index, follow, max-snippet:-1, max-image-preview:large, max-video-preview:-1\" \/>\n<link rel=\"canonical\" href=\"https:\/\/www.iccbrazil.com\/es\/pd\/\" \/>\n<meta property=\"og:locale\" content=\"es_ES\" \/>\n<meta property=\"og:type\" content=\"article\" \/>\n<meta property=\"og:title\" content=\"I&amp;D - ICC Brazil\" \/>\n<meta property=\"og:description\" content=\"Asociaciones con universidades garantiza productos innovadores, eficaces y fiables Realizamos investigaciones cient\u00edficas concentradas en las soluciones que el mercado necesita para la salud y la nutrici\u00f3n animal. Desde su fundaci\u00f3n en 1992, la empresa ha realizado m\u00e1s de 200 estudios Read more &#8250;\" \/>\n<meta property=\"og:url\" content=\"https:\/\/www.iccbrazil.com\/es\/pd\/\" \/>\n<meta property=\"og:site_name\" content=\"ICC Brazil\" \/>\n<meta property=\"article:publisher\" content=\"https:\/\/www.facebook.com\/ICCBrazil\" \/>\n<meta property=\"article:modified_time\" content=\"2023-08-19T09:45:55+00:00\" \/>\n<meta property=\"og:image\" content=\"https:\/\/www.iccbrazil.com\/wp-content\/uploads\/2019\/01\/p___dnovo.jpg\" \/>\n\t<meta property=\"og:image:width\" content=\"1024\" \/>\n\t<meta property=\"og:image:height\" content=\"86\" \/>\n\t<meta property=\"og:image:type\" content=\"image\/jpeg\" \/>\n<meta name=\"twitter:card\" content=\"summary_large_image\" \/>\n<meta name=\"twitter:label1\" content=\"Tiempo de lectura\" \/>\n\t<meta name=\"twitter:data1\" content=\"1 minuto\" \/>\n<script type=\"application\/ld+json\" class=\"yoast-schema-graph\">{\"@context\":\"https:\/\/schema.org\",\"@graph\":[{\"@type\":\"WebPage\",\"@id\":\"https:\/\/www.iccbrazil.com\/es\/pd\/\",\"url\":\"https:\/\/www.iccbrazil.com\/es\/pd\/\",\"name\":\"I&D - ICC Brazil\",\"isPartOf\":{\"@id\":\"https:\/\/www.iccbrazil.com\/es\/#website\"},\"primaryImageOfPage\":{\"@id\":\"https:\/\/www.iccbrazil.com\/es\/pd\/#primaryimage\"},\"image\":{\"@id\":\"https:\/\/www.iccbrazil.com\/pd\/#primaryimage\"},\"thumbnailUrl\":\"https:\/\/www.iccbrazil.com\/wp-content\/uploads\/2019\/01\/p___dnovo.jpg\",\"datePublished\":\"2018-12-12T18:55:49+00:00\",\"dateModified\":\"2023-08-19T09:45:55+00:00\",\"breadcrumb\":{\"@id\":\"https:\/\/www.iccbrazil.com\/es\/pd\/#breadcrumb\"},\"inLanguage\":\"es\",\"potentialAction\":[{\"@type\":\"ReadAction\",\"target\":[[\"https:\/\/www.iccbrazil.com\/es\/pd\/\"]]}]},{\"@type\":\"ImageObject\",\"inLanguage\":\"es\",\"@id\":\"https:\/\/www.iccbrazil.com\/es\/pd\/#primaryimage\",\"url\":\"https:\/\/www.iccbrazil.com\/wp-content\/uploads\/2019\/01\/p___dnovo.jpg\",\"contentUrl\":\"https:\/\/www.iccbrazil.com\/wp-content\/uploads\/2019\/01\/p___dnovo.jpg\",\"width\":1024,\"height\":86},{\"@type\":\"BreadcrumbList\",\"@id\":\"https:\/\/www.iccbrazil.com\/es\/pd\/#breadcrumb\",\"itemListElement\":[{\"@type\":\"ListItem\",\"position\":1,\"name\":\"Home\",\"item\":\"https:\/\/www.iccbrazil.com\/es\/\"},{\"@type\":\"ListItem\",\"position\":2,\"name\":\"P&#038;D\"}]},{\"@type\":\"WebSite\",\"@id\":\"https:\/\/www.iccbrazil.com\/es\/#website\",\"url\":\"https:\/\/www.iccbrazil.com\/es\/\",\"name\":\"ICC Brazil\",\"description\":\"Soluciones innovadoras  para el mercado de salud y nutrici\u00f3n animal\",\"publisher\":{\"@id\":\"https:\/\/www.iccbrazil.com\/es\/#organization\"},\"potentialAction\":[{\"@type\":\"SearchAction\",\"target\":{\"@type\":\"EntryPoint\",\"urlTemplate\":\"https:\/\/www.iccbrazil.com\/es\/?s={search_term_string}\"},\"query-input\":\"required name=search_term_string\"}],\"inLanguage\":\"es\"},{\"@type\":\"Organization\",\"@id\":\"https:\/\/www.iccbrazil.com\/es\/#organization\",\"name\":\"ICC Brazil\",\"url\":\"https:\/\/www.iccbrazil.com\/es\/\",\"logo\":{\"@type\":\"ImageObject\",\"inLanguage\":\"es\",\"@id\":\"https:\/\/www.iccbrazil.com\/es\/#\/schema\/logo\/image\/\",\"url\":\"\",\"contentUrl\":\"\",\"caption\":\"ICC Brazil\"},\"image\":{\"@id\":\"https:\/\/www.iccbrazil.com\/es\/#\/schema\/logo\/image\/\"},\"sameAs\":[\"https:\/\/www.facebook.com\/ICCBrazil\",\"https:\/\/www.linkedin.com\/company\/iccbrazil\"]}]}<\/script>\n<!-- \/ Yoast SEO plugin. -->","yoast_head_json":{"title":"I&D - ICC Brazil","robots":{"index":"index","follow":"follow","max-snippet":"max-snippet:-1","max-image-preview":"max-image-preview:large","max-video-preview":"max-video-preview:-1"},"canonical":"https:\/\/www.iccbrazil.com\/es\/pd\/","og_locale":"es_ES","og_type":"article","og_title":"I&D - ICC Brazil","og_description":"Asociaciones con universidades garantiza productos innovadores, eficaces y fiables Realizamos investigaciones cient\u00edficas concentradas en las soluciones que el mercado necesita para la salud y la nutrici\u00f3n animal. Desde su fundaci\u00f3n en 1992, la empresa ha realizado m\u00e1s de 200 estudios Read more &#8250;","og_url":"https:\/\/www.iccbrazil.com\/es\/pd\/","og_site_name":"ICC Brazil","article_publisher":"https:\/\/www.facebook.com\/ICCBrazil","article_modified_time":"2023-08-19T09:45:55+00:00","og_image":[{"width":1024,"height":86,"url":"https:\/\/www.iccbrazil.com\/wp-content\/uploads\/2019\/01\/p___dnovo.jpg","type":"image\/jpeg"}],"twitter_card":"summary_large_image","twitter_misc":{"Tiempo de lectura":"1 minuto"},"schema":{"@context":"https:\/\/schema.org","@graph":[{"@type":"WebPage","@id":"https:\/\/www.iccbrazil.com\/es\/pd\/","url":"https:\/\/www.iccbrazil.com\/es\/pd\/","name":"I&D - ICC Brazil","isPartOf":{"@id":"https:\/\/www.iccbrazil.com\/es\/#website"},"primaryImageOfPage":{"@id":"https:\/\/www.iccbrazil.com\/es\/pd\/#primaryimage"},"image":{"@id":"https:\/\/www.iccbrazil.com\/pd\/#primaryimage"},"thumbnailUrl":"https:\/\/www.iccbrazil.com\/wp-content\/uploads\/2019\/01\/p___dnovo.jpg","datePublished":"2018-12-12T18:55:49+00:00","dateModified":"2023-08-19T09:45:55+00:00","breadcrumb":{"@id":"https:\/\/www.iccbrazil.com\/es\/pd\/#breadcrumb"},"inLanguage":"es","potentialAction":[{"@type":"ReadAction","target":[["https:\/\/www.iccbrazil.com\/es\/pd\/"]]}]},{"@type":"ImageObject","inLanguage":"es","@id":"https:\/\/www.iccbrazil.com\/es\/pd\/#primaryimage","url":"https:\/\/www.iccbrazil.com\/wp-content\/uploads\/2019\/01\/p___dnovo.jpg","contentUrl":"https:\/\/www.iccbrazil.com\/wp-content\/uploads\/2019\/01\/p___dnovo.jpg","width":1024,"height":86},{"@type":"BreadcrumbList","@id":"https:\/\/www.iccbrazil.com\/es\/pd\/#breadcrumb","itemListElement":[{"@type":"ListItem","position":1,"name":"Home","item":"https:\/\/www.iccbrazil.com\/es\/"},{"@type":"ListItem","position":2,"name":"P&#038;D"}]},{"@type":"WebSite","@id":"https:\/\/www.iccbrazil.com\/es\/#website","url":"https:\/\/www.iccbrazil.com\/es\/","name":"ICC Brazil","description":"Soluciones innovadoras  para el mercado de salud y nutrici\u00f3n animal","publisher":{"@id":"https:\/\/www.iccbrazil.com\/es\/#organization"},"potentialAction":[{"@type":"SearchAction","target":{"@type":"EntryPoint","urlTemplate":"https:\/\/www.iccbrazil.com\/es\/?s={search_term_string}"},"query-input":"required name=search_term_string"}],"inLanguage":"es"},{"@type":"Organization","@id":"https:\/\/www.iccbrazil.com\/es\/#organization","name":"ICC Brazil","url":"https:\/\/www.iccbrazil.com\/es\/","logo":{"@type":"ImageObject","inLanguage":"es","@id":"https:\/\/www.iccbrazil.com\/es\/#\/schema\/logo\/image\/","url":"","contentUrl":"","caption":"ICC Brazil"},"image":{"@id":"https:\/\/www.iccbrazil.com\/es\/#\/schema\/logo\/image\/"},"sameAs":["https:\/\/www.facebook.com\/ICCBrazil","https:\/\/www.linkedin.com\/company\/iccbrazil"]}]}},"_links":{"self":[{"href":"https:\/\/www.iccbrazil.com\/es\/wp-json\/wp\/v2\/pages\/88"}],"collection":[{"href":"https:\/\/www.iccbrazil.com\/es\/wp-json\/wp\/v2\/pages"}],"about":[{"href":"https:\/\/www.iccbrazil.com\/es\/wp-json\/wp\/v2\/types\/page"}],"author":[{"embeddable":true,"href":"https:\/\/www.iccbrazil.com\/es\/wp-json\/wp\/v2\/users\/2"}],"replies":[{"embeddable":true,"href":"https:\/\/www.iccbrazil.com\/es\/wp-json\/wp\/v2\/comments?post=88"}],"version-history":[{"count":0,"href":"https:\/\/www.iccbrazil.com\/es\/wp-json\/wp\/v2\/pages\/88\/revisions"}],"wp:featuredmedia":[{"embeddable":true,"href":"https:\/\/www.iccbrazil.com\/es\/wp-json\/wp\/v2\/media\/207"}],"wp:attachment":[{"href":"https:\/\/www.iccbrazil.com\/es\/wp-json\/wp\/v2\/media?parent=88"}],"curies":[{"name":"wp","href":"https:\/\/api.w.org\/{rel}","templated":true}]}}